{"id":10493,"date":"2023-11-27T20:53:06","date_gmt":"2023-11-27T23:53:06","guid":{"rendered":"https:\/\/vjradvocacia.com.br\/?page_id=10493"},"modified":"2023-11-28T19:13:32","modified_gmt":"2023-11-28T22:13:32","slug":"areas-de-atuacao","status":"publish","type":"page","link":"https:\/\/vjradvocacia.com.br\/?page_id=10493","title":{"rendered":"\u00e1reas de atua\u00e7\u00e3o"},"content":{"rendered":"\t\t<div data-elementor-type=\"wp-page\" data-elementor-id=\"10493\" class=\"elementor elementor-10493\" data-elementor-post-type=\"page\">\n\t\t\t\t\t\t\t\t\t<section class=\"elementor-section elementor-top-section elementor-element elementor-element-6094e4e elementor-section-boxed elementor-section-height-default elementor-section-height-default\" data-id=\"6094e4e\" data-element_type=\"section\">\n\t\t\t\t\t\t<div class=\"elementor-container elementor-column-gap-default\">\n\t\t\t\t\t<div class=\"elementor-column elementor-col-100 elementor-top-column elementor-element elementor-element-e1f25e4\" data-id=\"e1f25e4\" data-element_type=\"column\">\n\t\t\t<div class=\"elementor-widget-wrap\">\n\t\t\t\t\t\t\t\t\t<\/div>\n\t\t<\/div>\n\t\t\t\t\t\t\t<\/div>\n\t\t<\/section>\n\t\t\t\t<section class=\"elementor-section elementor-top-section elementor-element elementor-element-2163b7b elementor-section-boxed elementor-section-height-default elementor-section-height-default\" data-id=\"2163b7b\" data-element_type=\"section\">\n\t\t\t\t\t\t<div class=\"elementor-container elementor-column-gap-default\">\n\t\t\t\t\t<div class=\"elementor-column elementor-col-100 elementor-top-column elementor-element elementor-element-c8f7200\" data-id=\"c8f7200\" data-element_type=\"column\">\n\t\t\t<div class=\"elementor-widget-wrap elementor-element-populated\">\n\t\t\t\t\t\t\t\t<div class=\"elementor-element elementor-element-8f28bb8 elementor-widget elementor-widget-image\" data-id=\"8f28bb8\" data-element_type=\"widget\" data-widget_type=\"image.default\">\n\t\t\t\t<div class=\"elementor-widget-container\">\n\t\t\t<style>\/*! elementor - v3.15.0 - 20-08-2023 *\/\n.elementor-widget-image{text-align:center}.elementor-widget-image a{display:inline-block}.elementor-widget-image a img[src$=\".svg\"]{width:48px}.elementor-widget-image img{vertical-align:middle;display:inline-block}<\/style>\t\t\t\t\t\t\t\t\t\t\t\t<img decoding=\"async\" src=\"https:\/\/vjradvocacia.com.br\/wp-content\/uploads\/2022\/10\/Breadcrumb.jpg\" title=\"Breadcrumb\" alt=\"Breadcrumb\" loading=\"lazy\" \/>\t\t\t\t\t\t\t\t\t\t\t\t\t\t\t<\/div>\n\t\t\t\t<\/div>\n\t\t\t\t<div class=\"elementor-element elementor-element-50ddbd8 elementor-widget elementor-widget-heading\" data-id=\"50ddbd8\" data-element_type=\"widget\" data-widget_type=\"heading.default\">\n\t\t\t\t<div class=\"elementor-widget-container\">\n\t\t\t<style>\/*! elementor - v3.15.0 - 20-08-2023 *\/\n.elementor-heading-title{padding:0;margin:0;line-height:1}.elementor-widget-heading .elementor-heading-title[class*=elementor-size-]>a{color:inherit;font-size:inherit;line-height:inherit}.elementor-widget-heading .elementor-heading-title.elementor-size-small{font-size:15px}.elementor-widget-heading .elementor-heading-title.elementor-size-medium{font-size:19px}.elementor-widget-heading .elementor-heading-title.elementor-size-large{font-size:29px}.elementor-widget-heading .elementor-heading-title.elementor-size-xl{font-size:39px}.elementor-widget-heading .elementor-heading-title.elementor-size-xxl{font-size:59px}<\/style><h4 class=\"elementor-heading-title elementor-size-default\">\u00e1REAS DE aTUA\u00c7\u00c3O<\/h4>\t\t<\/div>\n\t\t\t\t<\/div>\n\t\t\t\t<div class=\"elementor-element elementor-element-3c76646 elementor-widget elementor-widget-spacer\" data-id=\"3c76646\" data-element_type=\"widget\" data-widget_type=\"spacer.default\">\n\t\t\t\t<div class=\"elementor-widget-container\">\n\t\t\t<style>\/*! elementor - v3.15.0 - 20-08-2023 *\/\n.elementor-column .elementor-spacer-inner{height:var(--spacer-size)}.e-con{--container-widget-width:100%}.e-con-inner>.elementor-widget-spacer,.e-con>.elementor-widget-spacer{width:var(--container-widget-width,var(--spacer-size));--align-self:var(--container-widget-align-self,initial);--flex-shrink:0}.e-con-inner>.elementor-widget-spacer>.elementor-widget-container,.e-con-inner>.elementor-widget-spacer>.elementor-widget-container>.elementor-spacer,.e-con>.elementor-widget-spacer>.elementor-widget-container,.e-con>.elementor-widget-spacer>.elementor-widget-container>.elementor-spacer{height:100%}.e-con-inner>.elementor-widget-spacer>.elementor-widget-container>.elementor-spacer>.elementor-spacer-inner,.e-con>.elementor-widget-spacer>.elementor-widget-container>.elementor-spacer>.elementor-spacer-inner{height:var(--container-widget-height,var(--spacer-size))}<\/style>\t\t<div class=\"elementor-spacer\">\n\t\t\t<div class=\"elementor-spacer-inner\"><\/div>\n\t\t<\/div>\n\t\t\t\t<\/div>\n\t\t\t\t<\/div>\n\t\t\t\t<section class=\"elementor-section elementor-inner-section elementor-element elementor-element-b57d87b elementor-section-full_width elementor-section-height-default elementor-section-height-default\" data-id=\"b57d87b\" data-element_type=\"section\">\n\t\t\t\t\t\t<div class=\"elementor-container elementor-column-gap-default\">\n\t\t\t\t\t<div class=\"elementor-column elementor-col-33 elementor-inner-column elementor-element elementor-element-184e0b2\" data-id=\"184e0b2\" data-element_type=\"column\">\n\t\t\t<div class=\"elementor-widget-wrap elementor-element-populated\">\n\t\t\t\t\t\t\t\t<div class=\"elementor-element elementor-element-ee431c8 elementor-position-top elementor-widget elementor-widget-image-box\" data-id=\"ee431c8\" data-element_type=\"widget\" data-widget_type=\"image-box.default\">\n\t\t\t\t<div class=\"elementor-widget-container\">\n\t\t\t<style>\/*! elementor - v3.15.0 - 20-08-2023 *\/\n.elementor-widget-image-box .elementor-image-box-content{width:100%}@media (min-width:768px){.elementor-widget-image-box.elementor-position-left .elementor-image-box-wrapper,.elementor-widget-image-box.elementor-position-right .elementor-image-box-wrapper{display:flex}.elementor-widget-image-box.elementor-position-right .elementor-image-box-wrapper{text-align:right;flex-direction:row-reverse}.elementor-widget-image-box.elementor-position-left .elementor-image-box-wrapper{text-align:left;flex-direction:row}.elementor-widget-image-box.elementor-position-top .elementor-image-box-img{margin:auto}.elementor-widget-image-box.elementor-vertical-align-top .elementor-image-box-wrapper{align-items:flex-start}.elementor-widget-image-box.elementor-vertical-align-middle .elementor-image-box-wrapper{align-items:center}.elementor-widget-image-box.elementor-vertical-align-bottom .elementor-image-box-wrapper{align-items:flex-end}}@media (max-width:767px){.elementor-widget-image-box .elementor-image-box-img{margin-left:auto!important;margin-right:auto!important;margin-bottom:15px}}.elementor-widget-image-box .elementor-image-box-img{display:inline-block}.elementor-widget-image-box .elementor-image-box-title a{color:inherit}.elementor-widget-image-box .elementor-image-box-wrapper{text-align:center}.elementor-widget-image-box .elementor-image-box-description{margin:0}<\/style><div class=\"elementor-image-box-wrapper\"><figure class=\"elementor-image-box-img\"><img loading=\"lazy\" decoding=\"async\" width=\"413\" height=\"240\" src=\"https:\/\/vjradvocacia.com.br\/wp-content\/uploads\/2022\/07\/Cms-03.jpg\" class=\"attachment-full size-full wp-image-10191\" alt=\"\" srcset=\"https:\/\/vjradvocacia.com.br\/wp-content\/uploads\/2022\/07\/Cms-03.jpg 413w, https:\/\/vjradvocacia.com.br\/wp-content\/uploads\/2022\/07\/Cms-03-300x174.jpg 300w\" sizes=\"auto, (max-width: 413px) 100vw, 413px\" \/><\/figure><div class=\"elementor-image-box-content\"><h5 class=\"elementor-image-box-title\">Civil<\/h5><p class=\"elementor-image-box-description\">Assessoria e consultoria em direito c\u00edvil, voltada ao atendimento das pessoas jur\u00eddicas (empresas e seus representantes) e pessoas f\u00edsicas, relacionadas \u00e0s areas di direito Contratual, Consumidor, Imobili\u00e1rio  <\/p><\/div><\/div>\t\t<\/div>\n\t\t\t\t<\/div>\n\t\t\t\t<div class=\"elementor-element elementor-element-3265c38 elementor-widget elementor-widget-heading\" data-id=\"3265c38\" data-element_type=\"widget\" data-widget_type=\"heading.default\">\n\t\t\t\t<div class=\"elementor-widget-container\">\n\t\t\t<span class=\"elementor-heading-title elementor-size-default\"><a href=\"http:\/\/vjradvocacia.com.br\/wp-content\/uploads\/2023\/11\/Civil.pdf\">leia mais<\/a><\/span>\t\t<\/div>\n\t\t\t\t<\/div>\n\t\t\t\t\t<\/div>\n\t\t<\/div>\n\t\t\t\t<div class=\"elementor-column elementor-col-33 elementor-inner-column elementor-element elementor-element-9ea4a48\" data-id=\"9ea4a48\" data-element_type=\"column\">\n\t\t\t<div class=\"elementor-widget-wrap elementor-element-populated\">\n\t\t\t\t\t\t\t\t<div class=\"elementor-element elementor-element-5fc80de elementor-position-top elementor-widget elementor-widget-image-box\" data-id=\"5fc80de\" data-element_type=\"widget\" data-widget_type=\"image-box.default\">\n\t\t\t\t<div class=\"elementor-widget-container\">\n\t\t\t<div class=\"elementor-image-box-wrapper\"><figure class=\"elementor-image-box-img\"><img loading=\"lazy\" decoding=\"async\" width=\"1300\" height=\"755\" src=\"https:\/\/vjradvocacia.com.br\/wp-content\/uploads\/2022\/06\/Big-Rock-Realtors.jpg\" class=\"attachment-full size-full wp-image-9835\" alt=\"\" srcset=\"https:\/\/vjradvocacia.com.br\/wp-content\/uploads\/2022\/06\/Big-Rock-Realtors.jpg 1300w, https:\/\/vjradvocacia.com.br\/wp-content\/uploads\/2022\/06\/Big-Rock-Realtors-300x174.jpg 300w, https:\/\/vjradvocacia.com.br\/wp-content\/uploads\/2022\/06\/Big-Rock-Realtors-1024x595.jpg 1024w, https:\/\/vjradvocacia.com.br\/wp-content\/uploads\/2022\/06\/Big-Rock-Realtors-768x446.jpg 768w, https:\/\/vjradvocacia.com.br\/wp-content\/uploads\/2022\/06\/Big-Rock-Realtors-600x348.jpg 600w\" sizes=\"auto, (max-width: 1300px) 100vw, 1300px\" \/><\/figure><div class=\"elementor-image-box-content\"><h5 class=\"elementor-image-box-title\">Compliance e LGPD<\/h5><p class=\"elementor-image-box-description\">Programa de Compliance, realizado sob sob medida e totalmente personalizado.proposrcionando conformidade \u00e0  Lei Geral de Prote\u00e7\u00e3o de Dados, direito trabalhista e demais legisla\u00e7\u00f5es.<\/p><\/div><\/div>\t\t<\/div>\n\t\t\t\t<\/div>\n\t\t\t\t<div class=\"elementor-element elementor-element-325a51e elementor-widget elementor-widget-heading\" data-id=\"325a51e\" data-element_type=\"widget\" data-widget_type=\"heading.default\">\n\t\t\t\t<div class=\"elementor-widget-container\">\n\t\t\t<span class=\"elementor-heading-title elementor-size-default\"><a href=\"http:\/\/vjradvocacia.com.br\/wp-content\/uploads\/2023\/11\/COMPLIANCE.pdf\">leia mais<\/a><\/span>\t\t<\/div>\n\t\t\t\t<\/div>\n\t\t\t\t\t<\/div>\n\t\t<\/div>\n\t\t\t\t<div class=\"elementor-column elementor-col-33 elementor-inner-column elementor-element elementor-element-ee80b50\" data-id=\"ee80b50\" data-element_type=\"column\">\n\t\t\t<div class=\"elementor-widget-wrap elementor-element-populated\">\n\t\t\t\t\t\t\t\t<div class=\"elementor-element elementor-element-f1db765 elementor-position-top elementor-widget elementor-widget-image-box\" data-id=\"f1db765\" data-element_type=\"widget\" data-widget_type=\"image-box.default\">\n\t\t\t\t<div class=\"elementor-widget-container\">\n\t\t\t<div class=\"elementor-image-box-wrapper\"><figure class=\"elementor-image-box-img\"><img loading=\"lazy\" decoding=\"async\" width=\"413\" height=\"240\" src=\"https:\/\/vjradvocacia.com.br\/wp-content\/uploads\/2022\/07\/Cms-01.jpg\" class=\"attachment-full size-full wp-image-10189\" alt=\"\" srcset=\"https:\/\/vjradvocacia.com.br\/wp-content\/uploads\/2022\/07\/Cms-01.jpg 413w, https:\/\/vjradvocacia.com.br\/wp-content\/uploads\/2022\/07\/Cms-01-300x174.jpg 300w\" sizes=\"auto, (max-width: 413px) 100vw, 413px\" \/><\/figure><div class=\"elementor-image-box-content\"><h5 class=\"elementor-image-box-title\">Contencioso<\/h5><p class=\"elementor-image-box-description\">Assessoria e consultoria, representa\u00e7\u00e3o em assuntos contenciosos e preventivos, nas diversas formas de disputas, perante tribunais, autoridades administrativas e ag\u00eancias reguladoras,<\/p><\/div><\/div>\t\t<\/div>\n\t\t\t\t<\/div>\n\t\t\t\t<div class=\"elementor-element elementor-element-3d54b24 elementor-widget elementor-widget-heading\" data-id=\"3d54b24\" data-element_type=\"widget\" data-widget_type=\"heading.default\">\n\t\t\t\t<div class=\"elementor-widget-container\">\n\t\t\t<span class=\"elementor-heading-title elementor-size-default\"><a href=\"http:\/\/vjradvocacia.com.br\/wp-content\/uploads\/2023\/11\/CONTENCIOSO.pdf\">leia mais<\/a><\/span>\t\t<\/div>\n\t\t\t\t<\/div>\n\t\t\t\t\t<\/div>\n\t\t<\/div>\n\t\t\t\t\t\t\t<\/div>\n\t\t<\/section>\n\t\t\t\t<section class=\"elementor-section elementor-inner-section elementor-element elementor-element-2221a3d elementor-section-full_width elementor-section-height-default elementor-section-height-default\" data-id=\"2221a3d\" data-element_type=\"section\">\n\t\t\t\t\t\t<div class=\"elementor-container elementor-column-gap-default\">\n\t\t\t\t\t<div class=\"elementor-column elementor-col-33 elementor-inner-column elementor-element elementor-element-de84df8\" data-id=\"de84df8\" data-element_type=\"column\">\n\t\t\t<div class=\"elementor-widget-wrap elementor-element-populated\">\n\t\t\t\t\t\t\t\t<div class=\"elementor-element elementor-element-7b10170 elementor-position-top elementor-widget elementor-widget-image-box\" data-id=\"7b10170\" data-element_type=\"widget\" data-widget_type=\"image-box.default\">\n\t\t\t\t<div class=\"elementor-widget-container\">\n\t\t\t<div class=\"elementor-image-box-wrapper\"><figure class=\"elementor-image-box-img\"><img loading=\"lazy\" decoding=\"async\" width=\"1300\" height=\"755\" src=\"https:\/\/vjradvocacia.com.br\/wp-content\/uploads\/2022\/06\/Luxury-Living-Realty.jpg\" class=\"attachment-full size-full wp-image-9831\" alt=\"\" srcset=\"https:\/\/vjradvocacia.com.br\/wp-content\/uploads\/2022\/06\/Luxury-Living-Realty.jpg 1300w, https:\/\/vjradvocacia.com.br\/wp-content\/uploads\/2022\/06\/Luxury-Living-Realty-300x174.jpg 300w, https:\/\/vjradvocacia.com.br\/wp-content\/uploads\/2022\/06\/Luxury-Living-Realty-1024x595.jpg 1024w, https:\/\/vjradvocacia.com.br\/wp-content\/uploads\/2022\/06\/Luxury-Living-Realty-768x446.jpg 768w, https:\/\/vjradvocacia.com.br\/wp-content\/uploads\/2022\/06\/Luxury-Living-Realty-600x348.jpg 600w\" sizes=\"auto, (max-width: 1300px) 100vw, 1300px\" \/><\/figure><div class=\"elementor-image-box-content\"><h5 class=\"elementor-image-box-title\">Criminal<\/h5><p class=\"elementor-image-box-description\">Atua\u00e7\u00e3o  no \u00e2mbito criminal, voltada ao atendimento das pessoas jur\u00eddicas (empresas e seus representantes) e pessoas f\u00edsicas, relacionadas a investiga\u00e7\u00f5es e processos criminais.<\/p><\/div><\/div>\t\t<\/div>\n\t\t\t\t<\/div>\n\t\t\t\t<div class=\"elementor-element elementor-element-b75b9a2 elementor-widget elementor-widget-heading\" data-id=\"b75b9a2\" data-element_type=\"widget\" data-widget_type=\"heading.default\">\n\t\t\t\t<div class=\"elementor-widget-container\">\n\t\t\t<span class=\"elementor-heading-title elementor-size-default\"><a href=\"http:\/\/vjradvocacia.com.br\/wp-content\/uploads\/2023\/11\/Criminal.pdf\">leia mais<\/a><\/span>\t\t<\/div>\n\t\t\t\t<\/div>\n\t\t\t\t\t<\/div>\n\t\t<\/div>\n\t\t\t\t<div class=\"elementor-column elementor-col-33 elementor-inner-column elementor-element elementor-element-0127859\" data-id=\"0127859\" data-element_type=\"column\">\n\t\t\t<div class=\"elementor-widget-wrap elementor-element-populated\">\n\t\t\t\t\t\t\t\t<div class=\"elementor-element elementor-element-e8207ab elementor-position-top elementor-widget elementor-widget-image-box\" data-id=\"e8207ab\" data-element_type=\"widget\" data-widget_type=\"image-box.default\">\n\t\t\t\t<div class=\"elementor-widget-container\">\n\t\t\t<div class=\"elementor-image-box-wrapper\"><figure class=\"elementor-image-box-img\"><img loading=\"lazy\" decoding=\"async\" width=\"413\" height=\"240\" src=\"https:\/\/vjradvocacia.com.br\/wp-content\/uploads\/2022\/07\/Cms-05.jpg\" class=\"attachment-full size-full wp-image-10193\" alt=\"\" srcset=\"https:\/\/vjradvocacia.com.br\/wp-content\/uploads\/2022\/07\/Cms-05.jpg 413w, https:\/\/vjradvocacia.com.br\/wp-content\/uploads\/2022\/07\/Cms-05-300x174.jpg 300w\" sizes=\"auto, (max-width: 413px) 100vw, 413px\" \/><\/figure><div class=\"elementor-image-box-content\"><h5 class=\"elementor-image-box-title\">Fam\u00edlia e Sucess\u00f5es<\/h5><p class=\"elementor-image-box-description\">Assessoria e consultoria em  Direito de Fam\u00edlia, Direito das Sucess\u00f5es, Direito Civil, Direito Tribut\u00e1rio, a fim de evitar, mitigar e resolver conflitos familiares atuais ou latentes.<\/p><\/div><\/div>\t\t<\/div>\n\t\t\t\t<\/div>\n\t\t\t\t<div class=\"elementor-element elementor-element-3a79f3a elementor-widget elementor-widget-heading\" data-id=\"3a79f3a\" data-element_type=\"widget\" data-widget_type=\"heading.default\">\n\t\t\t\t<div class=\"elementor-widget-container\">\n\t\t\t<span class=\"elementor-heading-title elementor-size-default\"><a href=\"http:\/\/vjradvocacia.com.br\/wp-content\/uploads\/2023\/11\/Familia.pdf\">leia mais<\/a><\/span>\t\t<\/div>\n\t\t\t\t<\/div>\n\t\t\t\t\t<\/div>\n\t\t<\/div>\n\t\t\t\t<div class=\"elementor-column elementor-col-33 elementor-inner-column elementor-element elementor-element-f31c964\" data-id=\"f31c964\" data-element_type=\"column\">\n\t\t\t<div class=\"elementor-widget-wrap elementor-element-populated\">\n\t\t\t\t\t\t\t\t<div class=\"elementor-element elementor-element-7f9c076 elementor-position-top elementor-widget elementor-widget-image-box\" data-id=\"7f9c076\" data-element_type=\"widget\" data-widget_type=\"image-box.default\">\n\t\t\t\t<div class=\"elementor-widget-container\">\n\t\t\t<div class=\"elementor-image-box-wrapper\"><figure class=\"elementor-image-box-img\"><img loading=\"lazy\" decoding=\"async\" width=\"413\" height=\"240\" src=\"https:\/\/vjradvocacia.com.br\/wp-content\/uploads\/2022\/07\/Cms-04.jpg\" class=\"attachment-full size-full wp-image-10192\" alt=\"\" srcset=\"https:\/\/vjradvocacia.com.br\/wp-content\/uploads\/2022\/07\/Cms-04.jpg 413w, https:\/\/vjradvocacia.com.br\/wp-content\/uploads\/2022\/07\/Cms-04-300x174.jpg 300w\" sizes=\"auto, (max-width: 413px) 100vw, 413px\" \/><\/figure><div class=\"elementor-image-box-content\"><h5 class=\"elementor-image-box-title\">Trabalhista<\/h5><p class=\"elementor-image-box-description\">Assessoria e consultoria em todas as quest\u00f5es trabalhistas, oferecemos uma atua\u00e7\u00e3o diferenciada, voltada ao atendimento das pessoas jur\u00eddicas (empresas e seus representantes) e pessoas f\u00edsicas.<\/p><\/div><\/div>\t\t<\/div>\n\t\t\t\t<\/div>\n\t\t\t\t<div class=\"elementor-element elementor-element-621f3bd elementor-widget elementor-widget-heading\" data-id=\"621f3bd\" data-element_type=\"widget\" data-widget_type=\"heading.default\">\n\t\t\t\t<div class=\"elementor-widget-container\">\n\t\t\t<span class=\"elementor-heading-title elementor-size-default\"><a href=\"http:\/\/vjradvocacia.com.br\/wp-content\/uploads\/2023\/11\/Trabalhista.pdf\">leia mais<\/a><\/span>\t\t<\/div>\n\t\t\t\t<\/div>\n\t\t\t\t\t<\/div>\n\t\t<\/div>\n\t\t\t\t\t\t\t<\/div>\n\t\t<\/section>\n\t\t\t\t\t<\/div>\n\t\t<\/div>\n\t\t\t\t\t\t\t<\/div>\n\t\t<\/section>\n\t\t\t\t<section class=\"elementor-section elementor-top-section elementor-element elementor-element-712f77c elementor-section-boxed elementor-section-height-default elementor-section-height-default\" data-id=\"712f77c\" data-element_type=\"section\">\n\t\t\t\t\t\t<div class=\"elementor-container elementor-column-gap-default\">\n\t\t\t\t\t<div class=\"elementor-column elementor-col-100 elementor-top-column elementor-element elementor-element-4dbba3e\" data-id=\"4dbba3e\" data-element_type=\"column\">\n\t\t\t<div class=\"elementor-widget-wrap\">\n\t\t\t\t\t\t\t\t\t<\/div>\n\t\t<\/div>\n\t\t\t\t\t\t\t<\/div>\n\t\t<\/section>\n\t\t\t\t\t\t\t<\/div>\n\t\t","protected":false},"excerpt":{"rendered":"<p>\u00e1REAS DE aTUA\u00c7\u00c3O Civil Assessoria e consultoria em direito c\u00edvil, voltada ao atendimento das pessoas jur\u00eddicas (empresas e seus representantes) e pessoas f\u00edsicas, relacionadas \u00e0s areas di direito Contratual, Consumidor, Imobili\u00e1rio leia mais Compliance e LGPD Programa de Compliance, realizado sob sob medida e totalmente personalizado.proposrcionando conformidade \u00e0 Lei Geral de Prote\u00e7\u00e3o de Dados, direito&#8230;<\/p>\n","protected":false},"author":1,"featured_media":0,"parent":0,"menu_order":0,"comment_status":"closed","ping_status":"closed","template":"","meta":{"_monsterinsights_skip_tracking":false,"_monsterinsights_sitenote_active":false,"_monsterinsights_sitenote_note":"","_monsterinsights_sitenote_category":0,"_tbt_post_transparent":"","_tbt_post_title":"hide","_tbt_post_layout":"fullwidth","_tbt_post_sidebar_id":"","_tbt_post_content_style":"unboxed","_tbt_post_vertical_padding":"hide","_tbt_post_feature":"hide","_tbt_post_feature_position":"","_tbt_post_header":false,"_tbt_post_footer":false},"class_list":["post-10493","page","type-page","status-publish","hentry"],"_links":{"self":[{"href":"https:\/\/vjradvocacia.com.br\/index.php?rest_route=\/wp\/v2\/pages\/10493","targetHints":{"allow":["GET"]}}],"collection":[{"href":"https:\/\/vjradvocacia.com.br\/index.php?rest_route=\/wp\/v2\/pages"}],"about":[{"href":"https:\/\/vjradvocacia.com.br\/index.php?rest_route=\/wp\/v2\/types\/page"}],"author":[{"embeddable":true,"href":"https:\/\/vjradvocacia.com.br\/index.php?rest_route=\/wp\/v2\/users\/1"}],"replies":[{"embeddable":true,"href":"https:\/\/vjradvocacia.com.br\/index.php?rest_route=%2Fwp%2Fv2%2Fcomments&post=10493"}],"version-history":[{"count":7,"href":"https:\/\/vjradvocacia.com.br\/index.php?rest_route=\/wp\/v2\/pages\/10493\/revisions"}],"predecessor-version":[{"id":10566,"href":"https:\/\/vjradvocacia.com.br\/index.php?rest_route=\/wp\/v2\/pages\/10493\/revisions\/10566"}],"wp:attachment":[{"href":"https:\/\/vjradvocacia.com.br\/index.php?rest_route=%2Fwp%2Fv2%2Fmedia&parent=10493"}],"curies":[{"name":"wp","href":"https:\/\/api.w.org\/{rel}","templated":true}]}}